{"id":1563,"date":"2025-02-27T17:00:37","date_gmt":"2025-02-27T17:00:37","guid":{"rendered":"http:\/\/cardeasy.co\/termini-di-privacy\/"},"modified":"2025-02-27T17:09:13","modified_gmt":"2025-02-27T17:09:13","slug":"termini-di-privacy","status":"publish","type":"page","link":"https:\/\/cardeasy.co\/it\/termini-di-privacy\/","title":{"rendered":"Termini di privacy"},"content":{"rendered":"\n<p>Informativa sulla privacy di CardEasy.<\/p>\n\n<p>La presente Informativa sulla Privacy descrive le modalit\u00e0 con cui CardEasy (il &#8220;Sito&#8221;, &#8220;noi&#8221;, &#8220;ci&#8221; o &#8220;nostro&#8221;) raccoglie, utilizza e divulga i tuoi dati personali quando visiti, utilizzi i nostri servizi o effettui un acquisto su www.cardeasy.co (il &#8220;Sito&#8221;) o comunichi con noi in altro modo (collettivamente, i &#8220;Servizi&#8221;). Ai fini della presente Informativa sulla privacy, per &#8220;utente&#8221; e &#8220;tuo&#8221; si intende l&#8217;utente dei Servizi, sia esso un cliente, un visitatore del sito web o un altro individuo di cui abbiamo raccolto le informazioni ai sensi della presente Informativa sulla privacy. <\/p>\n\n<p>Ti invitiamo a leggere attentamente la presente Informativa sulla privacy. Utilizzando e accedendo ai Servizi, l&#8217;utente accetta la raccolta, l&#8217;uso e la divulgazione dei suoi dati come descritto nella presente Informativa sulla privacy. Se non accetti la presente Informativa sulla privacy, ti invitiamo a non utilizzare o accedere ai Servizi.  <\/p>\n\n<p>Modifiche alla presente Informativa sulla privacy<\/p>\n\n<p>Potremmo aggiornare la presente Informativa sulla privacy di tanto in tanto, anche per riflettere le modifiche alle nostre pratiche o per altri motivi operativi, legali o normativi. Pubblicheremo la nuova Informativa sulla privacy sul Sito, aggiorneremo la data dell'&#8221;Ultimo aggiornamento&#8221; e adotteremo qualsiasi altra misura richiesta dalla legge. <\/p>\n\n<p>Come raccogliamo e utilizziamo i vostri dati personali<\/p>\n\n<p>Per fornire i Servizi, raccogliamo e abbiamo raccolto negli ultimi 12 mesi informazioni personali sull&#8217;utente da diverse fonti, come indicato di seguito. Le informazioni che raccogliamo e utilizziamo variano a seconda di come l&#8217;utente interagisce con noi. <\/p>\n\n<p>Oltre agli usi specifici indicati di seguito, possiamo utilizzare le informazioni che raccogliamo sull&#8217;utente per comunicare con l&#8217;utente, fornire i Servizi, adempiere agli obblighi legali applicabili, applicare i termini di servizio applicabili e proteggere o difendere i Servizi, i nostri diritti e i diritti dei nostri utenti o di altri.<\/p>\n\n<p>Quali informazioni personali raccogliamo<\/p>\n\n<p>I tipi di informazioni personali che otteniamo su di te dipendono dal modo in cui interagisci con il nostro Sito e utilizzi i nostri Servizi. Quando utilizziamo il termine &#8220;informazioni personali&#8221;, ci riferiamo a informazioni che identificano, riguardano, descrivono o possono essere associate all&#8217;utente. Le sezioni seguenti descrivono le categorie e i tipi specifici di informazioni personali che raccogliamo.  <\/p>\n\n<p>Informazioni che raccogliamo direttamente da te<\/p>\n\n<p>Le informazioni che ci invii direttamente attraverso i nostri Servizi possono includere:<\/p>\n\n<ul class=\"wp-block-list\">\n<li>I dati di contatto di base, tra cui nome, indirizzo, numero di telefono ed e-mail.<\/li>\n\n\n\n<li>Informazioni sull&#8217;ordine, tra cui nome, indirizzo di fatturazione, indirizzo di spedizione, conferma di pagamento, indirizzo e-mail e numero di telefono.<\/li>\n\n\n\n<li>Informazioni sull&#8217;account, tra cui il nome utente, la password e le domande di sicurezza.<\/li>\n\n\n\n<li>Informazioni sugli acquisti, compresi gli articoli visualizzati, messi nel carrello o aggiunti alla lista dei desideri.<\/li>\n\n\n\n<li>Informazioni sull&#8217;assistenza clienti, comprese le informazioni che l&#8217;utente sceglie di includere nelle comunicazioni con noi, ad esempio quando invia un messaggio attraverso i Servizi.<\/li>\n<\/ul>\n\n<p>Alcune funzioni dei Servizi possono richiedere che tu ci fornisca direttamente alcune informazioni su di te. L&#8217;utente pu\u00f2 scegliere di non fornire tali informazioni, ma ci\u00f2 potrebbe impedirgli di utilizzare o accedere a tali funzionalit\u00e0. <\/p>\n\n<p>Informazioni che raccogliamo attraverso i cookie<\/p>\n\n<p>Raccogliamo inoltre automaticamente alcune informazioni sulla tua interazione con i Servizi (&#8220;Dati di utilizzo&#8221;). A tal fine, possiamo utilizzare cookie, pixel e tecnologie simili (&#8220;cookie&#8221;). I Dati di Utilizzo possono includere informazioni sul modo in cui l&#8217;utente accede e utilizza il nostro Sito e il suo account, tra cui informazioni sul dispositivo, informazioni sul browser, informazioni sulla sua connessione di rete, il suo indirizzo IP e altre informazioni relative alla sua interazione con i Servizi.  <\/p>\n\n<p>Informazioni ottenute da terzi<\/p>\n\n<p>Infine, possiamo ottenere informazioni sull&#8217;utente da terzi, compresi venditori e fornitori di servizi che possono raccogliere informazioni per nostro conto, come ad esempio:<\/p>\n\n<ul class=\"wp-block-list\">\n<li>Aziende che supportano il nostro Sito e i nostri Servizi,<\/li>\n\n\n\n<li>I nostri processori di pagamento, che raccolgono le informazioni di pagamento (ad esempio, conto bancario, informazioni sulla carta di credito o di debito, indirizzo di fatturazione) per elaborare il vostro pagamento al fine di evadere i vostri ordini e fornirvi i prodotti o i servizi che avete richiesto, al fine di eseguire il nostro contratto con voi.<\/li>\n\n\n\n<li>Quando visitate il nostro Sito, aprite o cliccate sulle e-mail che vi inviamo o interagite con i nostri Servizi o le nostre pubblicit\u00e0, noi, o le terze parti con cui collaboriamo, possiamo raccogliere automaticamente alcune informazioni utilizzando tecnologie di tracciamento online come pixel, web beacon, kit per sviluppatori di software, librerie di terze parti e cookie.<\/li>\n<\/ul>\n\n<p>Qualsiasi informazione ottenuta da terzi sar\u00e0 trattata in conformit\u00e0 con la presente Informativa sulla privacy. Non siamo responsabili dell&#8217;accuratezza delle informazioni forniteci da terzi e non siamo responsabili delle politiche o delle pratiche di questi ultimi. Per maggiori informazioni, consulta la sezione sottostante, Siti web e link di terze parti.  <\/p>\n\n<p>Come utilizziamo i tuoi dati personali<\/p>\n\n<ul class=\"wp-block-list\">\n<li>Fornitura di prodotti e servizi. Utilizziamo i tuoi dati personali per fornirti i Servizi al fine di eseguire il nostro contratto con te, incluso l&#8217;elaborazione dei tuoi pagamenti, l&#8217;evasione dei tuoi ordini, l&#8217;invio di notifiche relative al tuo account, agli acquisti, ai resi, ai cambi o ad altre transazioni, la creazione, la manutenzione e la gestione del tuo account, l&#8217;organizzazione delle spedizioni, la facilitazione di eventuali resi e cambi e la possibilit\u00e0 di pubblicare recensioni. <\/li>\n\n\n\n<li>Marketing e pubblicit\u00e0. Utilizziamo i tuoi dati personali per finalit\u00e0 di marketing e promozionali, ad esempio per inviare comunicazioni di marketing, pubblicitarie e promozionali via e-mail, SMS o posta, e per mostrarti pubblicit\u00e0 di prodotti o servizi. Ci\u00f2 pu\u00f2 includere l&#8217;utilizzo dei tuoi dati personali per personalizzare meglio i Servizi e la pubblicit\u00e0 sul nostro Sito e su altri siti web.  <\/li>\n\n\n\n<li>Sicurezza e prevenzione delle frodi. Utilizziamo i tuoi dati personali per individuare, indagare o prendere provvedimenti in merito a possibili attivit\u00e0 fraudolente, illegali o dannose. Se scegli di utilizzare i Servizi e di registrare un account, sei responsabile della sicurezza delle tue credenziali di accesso. Ti consigliamo vivamente di non condividere il tuo nome utente, la tua password o altri dettagli di accesso con nessun altro. Se ritieni che il tuo account sia stato compromesso, contattaci immediatamente.    <\/li>\n\n\n\n<li>Comunicare con te. Utilizziamo i tuoi dati personali per fornirti assistenza e migliorare i nostri Servizi. Ci\u00f2 rientra nei nostri legittimi interessi al fine di rispondere alle tue esigenze, di fornirti servizi efficaci e di mantenere i nostri rapporti commerciali con te.  <\/li>\n<\/ul>\n\n<p>Cookies<\/p>\n\n<p>Come molti siti web, anche noi utilizziamo i cookie sul nostro sito. Per informazioni specifiche sui cookie che utilizziamo per alimentare il nostro negozio, utilizziamo i cookie per alimentare e migliorare il nostro Sito e i nostri Servizi (anche per ricordare le azioni e le preferenze dell&#8217;utente), per eseguire analisi e comprendere meglio l&#8217;interazione dell&#8217;utente con i Servizi (nel nostro legittimo interesse ad amministrare, migliorare e ottimizzare i Servizi). Possiamo anche consentire a terzi e a fornitori di servizi di utilizzare i cookie sul nostro Sito per personalizzare meglio i servizi, i prodotti e la pubblicit\u00e0 sul nostro Sito e su altri siti web.  <\/p>\n\n<p>La maggior parte dei browser accetta automaticamente i cookie per impostazione predefinita, ma puoi scegliere di impostare il tuo browser per rimuovere o rifiutare i cookie attraverso i controlli del browser. Tieni presente che la rimozione o il blocco dei cookie pu\u00f2 avere un impatto negativo sull&#8217;esperienza dell&#8217;utente e pu\u00f2 far s\u00ec che alcuni dei Servizi, comprese alcune caratteristiche e funzionalit\u00e0 generali, non funzionino correttamente o non siano pi\u00f9 disponibili. Inoltre, il blocco dei cookie potrebbe non impedire completamente la condivisione di informazioni con terze parti, come i nostri partner pubblicitari.  <\/p>\n\n<p>Come divulghiamo le informazioni personali<\/p>\n\n<p>In determinate circostanze, possiamo divulgare i tuoi dati personali a terzi per scopi legittimi, nel rispetto della presente Informativa sulla privacy. Tali circostanze possono includere: <\/p>\n\n<ul class=\"wp-block-list\">\n<li>Con fornitori o altre terze parti che svolgono servizi per nostro conto (ad esempio, gestione IT, elaborazione dei pagamenti, analisi dei dati, assistenza clienti, archiviazione su cloud, evasione e spedizione).<\/li>\n\n\n\n<li>Con partner commerciali e di marketing, tra cui WordPress, per fornirti servizi e pubblicit\u00e0. I nostri partner commerciali e di marketing utilizzeranno i tuoi dati in conformit\u00e0 con le loro informative sulla privacy. <\/li>\n\n\n\n<li>Quando l&#8217;utente ci indirizza, ci richiede o acconsente in altro modo alla divulgazione di determinate informazioni a terzi, ad esempio per la spedizione di prodotti o attraverso l&#8217;uso di widget di social media o integrazioni di login, con il suo consenso.<\/li>\n\n\n\n<li>Con le nostre societ\u00e0 affiliate o comunque facenti parte del nostro gruppo aziendale, nel nostro legittimo interesse a gestire un&#8217;attivit\u00e0 di successo.<\/li>\n\n\n\n<li>In relazione a una transazione commerciale come una fusione o una bancarotta, per ottemperare a qualsiasi obbligo legale applicabile (anche per rispondere a citazioni in giudizio, mandati di perquisizione e richieste simili), per far rispettare i termini di servizio applicabili e per proteggere o difendere i Servizi, i nostri diritti e i diritti dei nostri utenti o di altri.<\/li>\n<\/ul>\n\n<p>Negli ultimi 12 mesi abbiamo divulgato le seguenti categorie di informazioni personali e di informazioni personali sensibili (contrassegnate da *) relative agli utenti per gli scopi indicati sopra in \u201cCome raccogliamo e utilizziamo le vostre informazioni personali\u201d e \u201cCome divulghiamo le informazioni personali\u201d:<\/p>\n\n<p>Categoria:<\/p>\n\n<ul class=\"wp-block-list\">\n<li>Identificatori come i dati di contatto di base e alcune informazioni relative a ordini e account<\/li>\n\n\n\n<li>Informazioni commerciali, quali informazioni sugli ordini, sugli acquisti e sull&#8217;assistenza ai clienti<\/li>\n\n\n\n<li>Internet o altre attivit\u00e0 di rete simili, come i Dati di utilizzo<\/li>\n<\/ul>\n\n<p>Categorie di destinatari:<\/p>\n\n<ul class=\"wp-block-list\">\n<li>Fornitori e terze parti che svolgono servizi per nostro conto (come fornitori di servizi Internet, processori di pagamento, partner per l&#8217;adempimento, partner per l&#8217;assistenza clienti e fornitori di analisi dei dati)<\/li>\n\n\n\n<li>Partner commerciali e di marketing<\/li>\n\n\n\n<li>Affiliati<\/li>\n<\/ul>\n\n<p>Non utilizziamo o divulghiamo i dati personali sensibili per dedurre caratteristiche dell&#8217;utente.<\/p>\n\n<p>Negli ultimi 12 mesi abbiamo \u201cvenduto\u201d e \u201ccondiviso\u201d (secondo la definizione di tali termini contenuta nella legge applicabile) informazioni personali allo scopo di intraprendere attivit\u00e0 pubblicitarie e di marketing, come segue.<\/p>\n\n<p>Categoria di dati personali<\/p>\n\n<ul class=\"wp-block-list\">\n<li>Identificatori come i dati di contatto di base e alcune informazioni relative a ordini e account<\/li>\n\n\n\n<li>Informazioni commerciali, quali registrazioni di prodotti o servizi acquistati e informazioni sugli acquisti.<\/li>\n\n\n\n<li>Internet o altre attivit\u00e0 di rete simili, come i Dati di utilizzo<\/li>\n<\/ul>\n\n<p>Categorie di destinatari<\/p>\n\n<ul class=\"wp-block-list\">\n<li>Partner commerciali e di marketing<\/li>\n<\/ul>\n\n<p>Contenuti generati dagli utenti<\/p>\n\n<p>I Servizi possono consentire all&#8217;utente di pubblicare recensioni di prodotti e altri contenuti generati dall&#8217;utente. Se l&#8217;utente sceglie di inviare contenuti generati dall&#8217;utente in qualsiasi area pubblica dei Servizi, tali contenuti saranno pubblici e accessibili a chiunque. <\/p>\n\n<p>Non possiamo controllare chi avr\u00e0 accesso alle informazioni che l&#8217;utente sceglie di rendere disponibili ad altri e non possiamo garantire che le parti che avranno accesso a tali informazioni rispetteranno la tua privacy o le manterranno al sicuro. Non siamo responsabili della privacy o della sicurezza delle informazioni che l&#8217;utente rende disponibili pubblicamente, n\u00e9 dell&#8217;accuratezza, dell&#8217;uso o dell&#8217;abuso delle informazioni che l&#8217;utente divulga o riceve da terzi. <\/p>\n\n<p>Siti web e link di terze parti<\/p>\n\n<p>Il nostro Sito pu\u00f2 fornire link a siti web o altre piattaforme online gestite da terzi. Se segui i link a siti non affiliati o non controllati da noi, dovresti esaminare le loro politiche sulla privacy e sulla sicurezza e altri termini e condizioni. Non garantiamo e non siamo responsabili della privacy o della sicurezza di tali siti, n\u00e9 dell&#8217;accuratezza, della completezza o dell&#8217;affidabilit\u00e0 delle informazioni in essi contenute. Le informazioni fornite dall&#8217;utente su siti pubblici o semi-pubblici, incluse le informazioni condivise su piattaforme di social network di terze parti, possono essere visualizzate anche da altri utenti dei Servizi e\/o da utenti di tali piattaforme di terze parti senza limitazioni di utilizzo da parte nostra o di terzi. L&#8217;inclusione di tali link da parte nostra non implica di per s\u00e9 alcuna approvazione dei contenuti di tali piattaforme o dei loro proprietari o operatori, salvo quanto indicato nei Servizi.    <\/p>\n\n<p>Dati sui bambini<\/p>\n\n<p>I Servizi non sono destinati all&#8217;uso da parte di bambini e noi non raccogliamo consapevolmente alcuna informazione personale sui bambini. Se sei il genitore o il tutore di un bambino che ci ha fornito i suoi dati personali, puoi contattarci utilizzando i dettagli di contatto indicati di seguito per richiederne la cancellazione. <\/p>\n\n<p>Alla data di entrata in vigore della presente Informativa sulla privacy, non siamo a conoscenza del fatto che \u201ccondividiamo\u201d o \u201cvendiamo\u201d (secondo la definizione di tali termini contenuta nella legge applicabile) informazioni personali di individui di et\u00e0 inferiore ai 16 anni.<\/p>\n\n<p>Sicurezza e conservazione dei tuoi dati<\/p>\n\n<p>Tieni presente che nessuna misura di sicurezza \u00e8 perfetta o impenetrabile e non possiamo garantire una &#8220;sicurezza perfetta&#8221;. Inoltre, le informazioni che ci invii potrebbero non essere sicure durante il trasporto. Ti consigliamo di non utilizzare canali non sicuri per comunicarci informazioni sensibili o riservate.  <\/p>\n\n<p>La durata di conservazione delle informazioni personali dipende da diversi fattori, come ad esempio la necessit\u00e0 di mantenere il conto dell&#8217;utente, di fornire i Servizi, di adempiere agli obblighi di legge, di risolvere le controversie o di applicare altri contratti e politiche applicabili.<\/p>\n\n<p>I tuoi diritti e le tue scelte<\/p>\n\n<p>A seconda del luogo in cui vivi, potresti avere alcuni o tutti i diritti elencati di seguito in relazione ai tuoi dati personali. Tuttavia, questi diritti non sono assoluti, possono essere applicati solo in determinate circostanze e, in alcuni casi, possiamo rifiutare la tua richiesta come consentito dalla legge. <\/p>\n\n<ul class=\"wp-block-list\">\n<li>Diritto di accesso\/conoscenza. Puoi avere il diritto di richiedere l&#8217;accesso alle informazioni personali in nostro possesso, compresi i dettagli relativi alle modalit\u00e0 di utilizzo e condivisione delle tue informazioni. <\/li>\n\n\n\n<li>Diritto di cancellazione. L&#8217;utente pu\u00f2 avere il diritto di richiedere la cancellazione delle informazioni personali che conserviamo su di lui. <\/li>\n\n\n\n<li>Diritto di rettifica. L&#8217;utente pu\u00f2 avere il diritto di richiedere la correzione di informazioni personali inesatte che conserviamo su di lui. <\/li>\n\n\n\n<li>Diritto di portabilit\u00e0. L&#8217;utente pu\u00f2 avere il diritto di ricevere una copia delle informazioni personali in nostro possesso e di richiedere il trasferimento delle stesse a una terza parte, in determinate circostanze e con alcune eccezioni. <\/li>\n\n\n\n<li>Diritto di rinunciare alla vendita, alla condivisione o alla pubblicit\u00e0 mirata. L&#8217;utente pu\u00f2 avere il diritto di chiederci di non &#8220;vendere&#8221; o &#8220;condividere&#8221; i suoi dati personali o di rinunciare al trattamento dei suoi dati personali per scopi considerati &#8220;pubblicit\u00e0 mirata&#8221;, come definito dalle leggi sulla privacy applicabili. Tieni presente che se visiti il nostro Sito con il segnale di preferenza di opt-out del Controllo Globale della Privacy attivato, a seconda del luogo in cui ti trovi, lo considereremo automaticamente come una richiesta di opt-out dalla &#8220;vendita&#8221; o dalla &#8220;condivisione&#8221; di informazioni per il dispositivo e il browser che utilizzi per visitare il Sito.  <\/li>\n\n\n\n<li>Diritto di limitare e\/o rinunciare all&#8217;uso e alla divulgazione di informazioni personali sensibili. L&#8217;utente pu\u00f2 avere il diritto di chiederci di limitare l&#8217;uso e\/o la divulgazione dei dati personali sensibili solo a quanto necessario per eseguire i Servizi o fornire i beni ragionevolmente attesi da un individuo medio. <\/li>\n\n\n\n<li>Limitazione del trattamento: L&#8217;utente pu\u00f2 avere il diritto di chiederci di interrompere o limitare il trattamento delle informazioni personali.<\/li>\n\n\n\n<li>Revoca del consenso: Nel caso in cui ci basiamo sul consenso al trattamento dei vostri dati personali, potete avere il diritto di ritirare tale consenso.<\/li>\n\n\n\n<li>Ricorso: Puoi avere il diritto di appellarti alla nostra decisione se rifiutiamo di elaborare la tua richiesta. Puoi farlo rispondendo direttamente al nostro rifiuto. <\/li>\n\n\n\n<li>Gestione delle preferenze di comunicazione: Potremmo inviarti delle e-mail promozionali e potrai decidere di non riceverle in qualsiasi momento utilizzando l&#8217;opzione di annullamento dell&#8217;iscrizione visualizzata nelle nostre e-mail. In caso di rinuncia, potremmo comunque inviarti email non promozionali, come quelle relative al tuo account o agli ordini che hai effettuato. <\/li>\n<\/ul>\n\n<p>L&#8217;utente pu\u00f2 esercitare uno qualsiasi di questi diritti laddove indicato sul nostro Sito o contattandoci utilizzando i dettagli di contatto forniti di seguito.<\/p>\n\n<p>Non ti discrimineremo per l&#8217;esercizio di uno di questi diritti. Potremmo aver bisogno di raccogliere informazioni dall&#8217;utente per verificare la sua identit\u00e0, come l&#8217;indirizzo e-mail o le informazioni sull&#8217;account, prima di fornire una risposta concreta alla richiesta. In conformit\u00e0 alle leggi vigenti, l&#8217;Utente pu\u00f2 designare un agente autorizzato a presentare richieste per suo conto per esercitare i suoi diritti. Prima di accettare tale richiesta da parte di un agente, richiederemo che quest&#8217;ultimo fornisca la prova che lo hai autorizzato ad agire per tuo conto e potremmo richiedere che tu verifichi la tua identit\u00e0 direttamente con noi. Risponderemo alla tua richiesta in modo tempestivo come richiesto dalla legge.    <\/p>\n\n<p>Reclami<\/p>\n\n<p>In caso di reclami sulle modalit\u00e0 di trattamento dei tuoi dati personali, ti invitiamo a contattarci utilizzando i recapiti indicati di seguito. Se non sei soddisfatto della nostra risposta al tuo reclamo, a seconda del luogo in cui vivi, potresti avere il diritto di appellarti alla nostra decisione contattandoci utilizzando i dettagli di contatto indicati di seguito, oppure di presentare il tuo reclamo all&#8217;autorit\u00e0 locale per la protezione dei dati. <\/p>\n\n<p>Utenti internazionali<\/p>\n\n<p>Tieni presente che potremmo trasferire, archiviare ed elaborare i tuoi dati personali al di fuori del paese in cui vivi, compresi gli Stati Uniti. I tuoi dati personali vengono inoltre elaborati dal personale e da fornitori di servizi e partner terzi in questi paesi.<br\/>Se trasferiamo i tuoi dati personali al di fuori dell&#8217;Europa, ci affideremo a meccanismi di trasferimento riconosciuti come le Clausole Contrattuali Standard della Commissione Europea o qualsiasi contratto equivalente emesso dall&#8217;autorit\u00e0 competente del Regno Unito, a seconda dei casi, a meno che il trasferimento dei dati non avvenga in un paese che \u00e8 stato determinato per fornire un livello di protezione adeguato. <\/p>\n\n<p>Contatto<\/p>\n\n<p>Per qualsiasi domanda sulle nostre pratiche in materia di privacy o sulla presente Informativa sulla privacy, o se desideri esercitare uno dei diritti a tua disposizione, inviaci un&#8217;e-mail all&#8217;indirizzo info@cardeasy.co.<\/p>\n\n<figure class=\"wp-block-embed is-type-wp-embed is-provider-cardeasy wp-block-embed-cardeasy\"><div class=\"wp-block-embed__wrapper\">\n<blockquote class=\"wp-embedded-content\" data-secret=\"3isFX1cTNc\"><a href=\"https:\/\/cardeasy.co\/\">home plate<\/a><\/blockquote><iframe class=\"wp-embedded-content\" sandbox=\"allow-scripts\" security=\"restricted\" style=\"position: absolute; visibility: hidden;\" title=\"&#8220;home plate&#8221; &#8212; CardEasy\" src=\"https:\/\/cardeasy.co\/embed\/#?secret=AsdZhMCL2A#?secret=3isFX1cTNc\" data-secret=\"3isFX1cTNc\" width=\"500\" height=\"282\" frameborder=\"0\" marginwidth=\"0\" marginheight=\"0\" scrolling=\"no\"><\/iframe>\n<\/div><\/figure>\n","protected":false},"excerpt":{"rendered":"<p>Informativa sulla privacy di CardEasy. La presente Informativa sulla Privacy descrive le modalit\u00e0 con cui CardEasy (il &#8220;Sito&#8221;, &#8220;noi&#8221;, &#8220;ci&#8221; [&hellip;]<\/p>\n","protected":false},"author":1,"featured_media":0,"parent":0,"menu_order":0,"comment_status":"closed","ping_status":"closed","template":"","meta":{"site-sidebar-layout":"default","site-content-layout":"","ast-site-content-layout":"default","site-content-style":"default","site-sidebar-style":"default","ast-global-header-display":"","ast-banner-title-visibility":"","ast-main-header-display":"","ast-hfb-above-header-display":"","ast-hfb-below-header-display":"","ast-hfb-mobile-header-display":"","site-post-title":"","ast-breadcrumbs-content":"","ast-featured-img":"","footer-sml-layout":"","theme-transparent-header-meta":"","adv-header-id-meta":"","stick-header-meta":"","header-above-stick-meta":"","header-main-stick-meta":"","header-below-stick-meta":"","astra-migrate-meta-layouts":"default","ast-page-background-enabled":"default","ast-page-background-meta":{"desktop":{"background-color":"var(--ast-global-color-5)","background-image":"","background-repeat":"repeat","background-position":"center center","background-size":"auto","background-attachment":"scroll","background-type":"","background-media":"","overlay-type":"","overlay-color":"","overlay-opacity":"","overlay-gradient":""},"tablet":{"background-color":"","background-image":"","background-repeat":"repeat","background-position":"center center","background-size":"auto","background-attachment":"scroll","background-type":"","background-media":"","overlay-type":"","overlay-color":"","overlay-opacity":"","overlay-gradient":""},"mobile":{"background-color":"","background-image":"","background-repeat":"repeat","background-position":"center center","background-size":"auto","background-attachment":"scroll","background-type":"","background-media":"","overlay-type":"","overlay-color":"","overlay-opacity":"","overlay-gradient":""}},"ast-content-background-meta":{"desktop":{"background-color":"var(--ast-global-color-4)","background-image":"","background-repeat":"repeat","background-position":"center center","background-size":"auto","background-attachment":"scroll","background-type":"","background-media":"","overlay-type":"","overlay-color":"","overlay-opacity":"","overlay-gradient":""},"tablet":{"background-color":"var(--ast-global-color-4)","background-image":"","background-repeat":"repeat","background-position":"center center","background-size":"auto","background-attachment":"scroll","background-type":"","background-media":"","overlay-type":"","overlay-color":"","overlay-opacity":"","overlay-gradient":""},"mobile":{"background-color":"var(--ast-global-color-4)","background-image":"","background-repeat":"repeat","background-position":"center center","background-size":"auto","background-attachment":"scroll","background-type":"","background-media":"","overlay-type":"","overlay-color":"","overlay-opacity":"","overlay-gradient":""}},"footnotes":""},"class_list":["post-1563","page","type-page","status-publish","hentry"],"_links":{"self":[{"href":"https:\/\/cardeasy.co\/it\/wp-json\/wp\/v2\/pages\/1563","targetHints":{"allow":["GET"]}}],"collection":[{"href":"https:\/\/cardeasy.co\/it\/wp-json\/wp\/v2\/pages"}],"about":[{"href":"https:\/\/cardeasy.co\/it\/wp-json\/wp\/v2\/types\/page"}],"author":[{"embeddable":true,"href":"https:\/\/cardeasy.co\/it\/wp-json\/wp\/v2\/users\/1"}],"replies":[{"embeddable":true,"href":"https:\/\/cardeasy.co\/it\/wp-json\/wp\/v2\/comments?post=1563"}],"version-history":[{"count":3,"href":"https:\/\/cardeasy.co\/it\/wp-json\/wp\/v2\/pages\/1563\/revisions"}],"predecessor-version":[{"id":1569,"href":"https:\/\/cardeasy.co\/it\/wp-json\/wp\/v2\/pages\/1563\/revisions\/1569"}],"wp:attachment":[{"href":"https:\/\/cardeasy.co\/it\/wp-json\/wp\/v2\/media?parent=1563"}],"curies":[{"name":"wp","href":"https:\/\/api.w.org\/{rel}","templated":true}]}}